{"id":2,"date":"2014-04-01T19:26:47","date_gmt":"2014-04-01T19:26:47","guid":{"rendered":"http:\/\/www-chs.stjohns.k12.fl.us\/hhs\/?page_id=2"},"modified":"2024-05-24T10:19:20","modified_gmt":"2024-05-24T14:19:20","slug":"sample-page","status":"publish","type":"page","link":"https:\/\/www-chs.stjohns.k12.fl.us\/hhs\/","title":{"rendered":"National Hispanic Honor Society"},"content":{"rendered":"<h1 style=\"text-align: center\">\u00a0Spanish National Honor Society<\/h1>\n<p style=\"text-align: center\"><span style=\"font-size: medium\"><em><span style=\"color: #000000;font-size: large\"><strong>\u00a1Bienvenidos a la p\u00e1gina de la Sociedad Honoraria Hisp\u00e1nica!<\/strong><\/span><\/em> <\/span><\/p>\n<p style=\"text-align: center\"><span style=\"color: #000000;font-family: 'Script MT Bold';font-size: xx-large\"><b>Sociedad Honoraria <\/b><strong>Hisp\u00e1nica <\/strong><\/span><br \/>\n<span style=\"font-size: medium\"> <img decoding=\"async\" src=\"https:\/\/static.wixstatic.com\/media\/d61796_8d60da8b4ecc4a6d84edb0c685f89d46~mv2_d_3304_3304_s_4_2.png\/v1\/fill\/w_165,h_165,al_c,q_85,usm_0.66_1.00_0.01,enc_auto\/SHH%20LOGO%20(COLOR).png\" alt=\"SHH LOGO (COLOR).png\" \/><\/span><br \/>\n<span style=\"color: #000000;font-family: 'Comic Sans MS';font-size: x-large\"> Cap\u00edtulo Reyes de Espa\u00f1a<\/span><\/p>\n<p style=\"text-align: center\"><u>2024-2025 Officers<\/u><\/p>\n<p style=\"text-align: center\">President &#8211; Gabriela Gil<br \/>\nVice Pres. of Membership- John Reed<br \/>\nVice President of Service \u2013 Katie Clark<br \/>\nVice President of Fundraising \u2013 Emily Rausch<br \/>\nSecretary \u2013 Andrea Berdecia<br \/>\nTreasurer \u2013 Alex Rodr\u00edguez<br \/>\nHistorian \u2013 Jordan Magloff<br \/>\n<em style=\"line-height: 1.714285714;font-size: 17.2800006866455px\"><span style=\"color: #000000;font-size: medium;font-family: book antiqua,palatino\"><b>Sponsor: Sra. Gillespie, Room 245<br \/>\n<\/b><\/span><\/em><strong><em><span style=\"color: #000000;font-size: medium;font-family: book antiqua,palatino\"> Co-sponsor: Sra. Marrero, Room 240<\/span><\/em><\/strong><\/p>\n<p style=\"text-align: center\"><span style=\"color: #000000;font-family: Times New Roman;font-size: medium\"><b>WELCOME TO THE 2024 -2025 SCHOOL YEAR!<\/b><\/span><\/p>\n<p style=\"text-align: center\"><span style=\"font-size: medium\"> <span style=\"color: #000000;font-family: Times New Roman\"><b>T<\/b><\/span><span style=\"color: #000000;font-family: Arial\"><b>he Hispanic Honor Society will hold its first mandatory meeting on Wednesday, August 14th, 2024 at 8:45am in the auditorium. Members are required to attend monthly meetings and wear their club shirts!<\/b><\/span><\/span><\/p>\n<p style=\"text-align: center\"><span style=\"font-size: medium\"><span style=\"color: #000000;font-family: Arial\"><b>Following our first meeting, we will meet every second Wednesday of every month through May at the same time\/location.<\/b><\/span><\/span><\/p>\n<p style=\"text-align: center\"><span style=\"font-size: medium\"><span style=\"color: #000000;font-family: Arial\"><b> Contact Sra. Gillespie in room 245<br \/>\n<\/b><\/span><\/span><span style=\"font-size: medium\"><span style=\"color: #000000;font-family: Arial\"><b>before or after school or via e-mail if you have any questions.<br \/>\nlinda.gillespie@stjohns.k12.fl.us\u00a0<\/b><\/span><\/span><\/p>\n<p style=\"text-align: center\"><strong><span style=\"font-size: xx-large\"><em><span style=\"color: #000000;font-family: book antiqua,palatino\">Why join HHS?<\/span><\/em><\/span><\/strong><br \/>\n<span style=\"font-size: large\"><em><span style=\"color: #000000;font-family: book antiqua,palatino\"> <b>&gt;&gt;Looks very good on a college application;<br \/>\n<\/b><\/span><\/em><\/span><span style=\"font-size: large\"><em><span style=\"color: #000000;font-family: book antiqua,palatino\"><b>&gt;&gt;Scholarships available to graduating seniors (both local and national level;<br \/>\n<\/b><\/span><\/em><\/span><span style=\"font-size: large\"><em><span style=\"color: #000000;font-family: book antiqua,palatino\"><b>&gt;&gt; Join other members in activities that promote the Hispanic language and culture;<br \/>\n<\/b><\/span><\/em><\/span><span style=\"font-size: large\"><em><span style=\"color: #000000;font-family: book antiqua,palatino\"><b>&gt;&gt;<\/b><\/span><\/em><\/span><span style=\"font-size: large\"><em><span style=\"color: #000000;font-family: book antiqua,palatino\"><b>&gt;&gt;Fun activities and community service;<br \/>\n<\/b><\/span><\/em><\/span><span style=\"font-size: large\"><em><span style=\"color: #000000;font-family: book antiqua,palatino\"><b>&gt;&gt;Competition at the regional and state level;<br \/>\n<\/b><\/span><\/em><\/span><span style=\"font-size: large\"><em><span style=\"color: #000000;font-family: book antiqua,palatino\"><b>&gt;&gt;Wear an honor stole or cord at graduation.<br \/>\n<\/b><\/span><\/em><\/span><\/p>\n<p style=\"text-align: center\"><span style=\"font-size: large\"><em><span style=\"color: #000000;font-family: book antiqua,palatino\"><b>Some of the <\/b><span style=\"text-decoration: underline\"><b>possible<\/b><\/span><b> activities of this organization are:<\/b><\/span><\/em><\/span><\/p>\n<p style=\"text-align: center\"><span style=\"font-size: large\"><em><span style=\"color: #000000;font-family: book antiqua,palatino\"><b>1.<\/b><b>Field trips to places representative of Hispanic Culture \/ Heritage<br \/>\n<\/b><\/span><\/em><\/span><span style=\"font-size: large\"><em><span style=\"color: #000000;font-family: book antiqua,palatino\"><b>2.<\/b><b>Participation in State Competition (Florida State Spanish Conference \u2013 Orlando)<br \/>\n<\/b><\/span><\/em><\/span><span style=\"font-size: large\"><em><span style=\"color: #000000;font-family: book antiqua,palatino\"><b>3. Hispanic Awareness Month<br \/>\n<\/b><\/span><\/em><\/span><span style=\"font-size: large\"><em><span style=\"color: #000000;font-family: book antiqua,palatino\"><b>4.Cultural activities (such as fiestas and dinners at local Hispanic restaurants)<br \/>\n<\/b><\/span><\/em><\/span><span style=\"font-size: large\"><em><span style=\"color: #000000;font-family: book antiqua,palatino\"><b>5. Participation in charitable events<br \/>\n<\/b><\/span><\/em><\/span><em style=\"font-size: large;line-height: 1.714285714\"><span style=\"color: #000000;font-family: book antiqua,palatino\"><b>6. Tutoring<\/b><\/span><\/em><\/p>\n<p style=\"text-align: center\"><span style=\"color: #000000\">To read more about this organization and advantages to belonging (including scholarship opportunities), please visit the following website (you may need to copy paste into browser):<\/span><\/p>\n<p style=\"text-align: center\"><span style=\"color: #000000\"><a href=\"https:\/\/www.aatspshh.org\/about\">http:\/\/www.aatsp.org\/general\/custom.asp?page=SHH\u00a0<\/a><br \/>\n<\/span><a href=\"http:\/\/www.sociedadhonorariahispanica.org\" target=\"_blank\" rel=\"noopener noreferrer\"><span style=\"font-size: medium\"><br \/>\n<\/span><\/a><\/p>\n<p style=\"text-align: center\"><span style=\"color: #000000;font-family: Arial;font-size: medium\"><span style=\"font-size: x-large\">Interested in running for office for 2025-2026 school year?<\/span><br \/>\n<\/span><a href=\"https:\/\/www-chs.stjohns.k12.fl.us\/hhs\/wp-content\/uploads\/sites\/31\/2014\/04\/Article-VI-officers-and-duties.pdf\">Article VI &#8211; Officers and Duties<\/a><\/p>\n<p>&nbsp;<\/p>\n<p>&nbsp;<\/p>\n","protected":false},"excerpt":{"rendered":"<p>\u00a0Spanish National Honor Society \u00a1Bienvenidos a la p\u00e1gina de la Sociedad Honoraria Hisp\u00e1nica! Sociedad Honoraria Hisp\u00e1nica Cap\u00edtulo Reyes de Espa\u00f1a 2024-2025 Officers President &#8211; Gabriela Gil Vice Pres. of Membership- John Reed Vice President of Service \u2013 Katie Clark Vice President of Fundraising \u2013 Emily Rausch Secretary \u2013 Andrea Berdecia Treasurer \u2013 Alex Rodr\u00edguez Historian [&hellip;]<\/p>\n","protected":false},"author":429,"featured_media":0,"parent":0,"menu_order":-1,"comment_status":"closed","ping_status":"open","template":"","meta":{"site-sidebar-layout":"default","site-content-layout":"default","ast-site-content-layout":"default","site-content-style":"default","site-sidebar-style":"default","ast-global-header-display":"","ast-banner-title-visibility":"","ast-main-header-display":"","ast-hfb-above-header-display":"","ast-hfb-below-header-display":"","ast-hfb-mobile-header-display":"","site-post-title":"disabled","ast-breadcrumbs-content":"","ast-featured-img":"","footer-sml-layout":"","theme-transparent-header-meta":"default","adv-header-id-meta":"","stick-header-meta":"","header-above-stick-meta":"","header-main-stick-meta":"","header-below-stick-meta":"","astra-migrate-meta-layouts":"default","ast-page-background-enabled":"default","ast-page-background-meta":{"desktop":{"background-color":"","background-image":"","background-repeat":"repeat","background-position":"center center","background-size":"auto","background-attachment":"scroll","background-type":"","background-media":"","overlay-type":"","overlay-color":"","overlay-opacity":"","overlay-gradient":""},"tablet":{"background-color":"","background-image":"","background-repeat":"repeat","background-position":"center center","background-size":"auto","background-attachment":"scroll","background-type":"","background-media":"","overlay-type":"","overlay-color":"","overlay-opacity":"","overlay-gradient":""},"mobile":{"background-color":"","background-image":"","background-repeat":"repeat","background-position":"center center","background-size":"auto","background-attachment":"scroll","background-type":"","background-media":"","overlay-type":"","overlay-color":"","overlay-opacity":"","overlay-gradient":""}},"ast-content-background-meta":{"desktop":{"background-color":"var(--ast-global-color-5)","background-image":"","background-repeat":"repeat","background-position":"center center","background-size":"auto","background-attachment":"scroll","background-type":"","background-media":"","overlay-type":"","overlay-color":"","overlay-opacity":"","overlay-gradient":""},"tablet":{"background-color":"var(--ast-global-color-5)","background-image":"","background-repeat":"repeat","background-position":"center center","background-size":"auto","background-attachment":"scroll","background-type":"","background-media":"","overlay-type":"","overlay-color":"","overlay-opacity":"","overlay-gradient":""},"mobile":{"background-color":"var(--ast-global-color-5)","background-image":"","background-repeat":"repeat","background-position":"center center","background-size":"auto","background-attachment":"scroll","background-type":"","background-media":"","overlay-type":"","overlay-color":"","overlay-opacity":"","overlay-gradient":""}},"footnotes":""},"class_list":["post-2","page","type-page","status-publish","hentry"],"_links":{"self":[{"href":"https:\/\/www-chs.stjohns.k12.fl.us\/hhs\/wp-json\/wp\/v2\/pages\/2","targetHints":{"allow":["GET"]}}],"collection":[{"href":"https:\/\/www-chs.stjohns.k12.fl.us\/hhs\/wp-json\/wp\/v2\/pages"}],"about":[{"href":"https:\/\/www-chs.stjohns.k12.fl.us\/hhs\/wp-json\/wp\/v2\/types\/page"}],"author":[{"embeddable":true,"href":"https:\/\/www-chs.stjohns.k12.fl.us\/hhs\/wp-json\/wp\/v2\/users\/429"}],"replies":[{"embeddable":true,"href":"https:\/\/www-chs.stjohns.k12.fl.us\/hhs\/wp-json\/wp\/v2\/comments?post=2"}],"version-history":[{"count":6,"href":"https:\/\/www-chs.stjohns.k12.fl.us\/hhs\/wp-json\/wp\/v2\/pages\/2\/revisions"}],"predecessor-version":[{"id":29,"href":"https:\/\/www-chs.stjohns.k12.fl.us\/hhs\/wp-json\/wp\/v2\/pages\/2\/revisions\/29"}],"wp:attachment":[{"href":"https:\/\/www-chs.stjohns.k12.fl.us\/hhs\/wp-json\/wp\/v2\/media?parent=2"}],"curies":[{"name":"wp","href":"https:\/\/api.w.org\/{rel}","templated":true}]}}